{"id":44,"date":"2025-08-27T11:36:32","date_gmt":"2025-08-27T08:36:32","guid":{"rendered":"https:\/\/unlim.lt\/?page_id=44"},"modified":"2025-09-17T14:21:00","modified_gmt":"2025-09-17T11:21:00","slug":"contact","status":"publish","type":"page","link":"https:\/\/unlim.lt\/en\/kontaktai\/","title":{"rendered":"Contact"},"content":{"rendered":"\t\t<div data-elementor-type=\"wp-page\" data-elementor-id=\"44\" class=\"elementor elementor-44\" data-elementor-post-type=\"page\">\n\t\t\t\t<div class=\"elementor-element elementor-element-ff9ac19 e-flex e-con-boxed e-con e-parent\" data-id=\"ff9ac19\" data-element_type=\"container\" data-e-type=\"container\">\n\t\t\t\t\t<div class=\"e-con-inner\">\n\t\t\t\t<div class=\"elementor-element elementor-element-949e56c elementor-widget elementor-widget-heading\" data-id=\"949e56c\" data-element_type=\"widget\" data-e-type=\"widget\" data-widget_type=\"heading.default\">\n\t\t\t\t\t<h2 class=\"elementor-heading-title elementor-size-default\">Kreiptis d\u0117l investicijos<\/h2>\t\t\t\t<\/div>\n\t\t\t\t\t<\/div>\n\t\t\t\t<\/div>\n\t\t<div class=\"elementor-element elementor-element-30f5a0c apply-funding-sec e-flex e-con-boxed e-con e-parent\" data-id=\"30f5a0c\" data-element_type=\"container\" data-e-type=\"container\">\n\t\t\t\t\t<div class=\"e-con-inner\">\n\t\t<div class=\"elementor-element elementor-element-5f6be16 e-con-full e-flex e-con e-child\" data-id=\"5f6be16\" data-element_type=\"container\" data-e-type=\"container\">\n\t\t<div class=\"elementor-element elementor-element-3d0b281 e-con-full e-flex e-con e-child\" data-id=\"3d0b281\" data-element_type=\"container\" data-e-type=\"container\">\n\t\t\t\t<div class=\"elementor-element elementor-element-b39961c elementor-widget elementor-widget-text-editor\" data-id=\"b39961c\" data-element_type=\"widget\" data-e-type=\"widget\" data-widget_type=\"text-editor.default\">\n\t\t\t\t\t\t\t\t\t<h4>Ie\u0161kote partnerio investicijoms, kuris u\u017etikrint\u0173 ilgalaik\u012f finansavim\u0105 ir pad\u0117t\u0173 augti? Tuomet mes \u2013 jums tinkamas pasirinkimas.&nbsp;<\/h4>\t\t\t\t\t\t\t\t<\/div>\n\t\t\t\t<\/div>\n\t\t\t\t<div class=\"elementor-element elementor-element-6960211 elementor-widget elementor-widget-heading\" data-id=\"6960211\" data-element_type=\"widget\" data-e-type=\"widget\" data-widget_type=\"heading.default\">\n\t\t\t\t\t<h3 class=\"elementor-heading-title elementor-size-default\">Unlim \u2013 parai\u0161ka investicijai gauti<\/h3>\t\t\t\t<\/div>\n\t\t<div class=\"elementor-element elementor-element-70b52a6 e-con-full e-flex e-con e-child\" data-id=\"70b52a6\" data-element_type=\"container\" data-e-type=\"container\">\n\t\t\t\t<div class=\"elementor-element elementor-element-c8084fe elementor-widget elementor-widget-wpforms\" data-id=\"c8084fe\" data-element_type=\"widget\" data-e-type=\"widget\" data-widget_type=\"wpforms.default\">\n\t\t\t\t<div class=\"elementor-widget-container\">\n\t\t\t\t\t<div class=\"wpforms-container wpforms-container-full wpforms-render-modern\" id=\"wpforms-1647\"><form id=\"wpforms-form-1647\" class=\"wpforms-validate wpforms-form wpforms-ajax-form\" data-formid=\"1647\" method=\"post\" enctype=\"multipart\/form-data\" action=\"\/en\/wp-json\/wp\/v2\/pages\/44\" data-token=\"81976e7669f0b53f337d2bace327a5ec\" data-token-time=\"1777053427\"><noscript class=\"wpforms-error-noscript\">Please enable JavaScript in your browser to complete this form.<\/noscript><div id=\"wpforms-error-noscript\" style=\"display: none;\">Please enable JavaScript in your browser to complete this form.<\/div><div class=\"wpforms-field-container\"><div id=\"wpforms-1647-field_1-container\" class=\"wpforms-field wpforms-field-divider\" data-field-id=\"1\"><h3 id=\"wpforms-1647-field_1\" aria-errormessage=\"wpforms-1647-field_1-error\">\u012emon\u0117s informacija<\/h3><\/div><div id=\"wpforms-1647-field_2-container\" class=\"wpforms-field wpforms-field-text\" data-field-id=\"2\"><label class=\"wpforms-field-label\" for=\"wpforms-1647-field_2\">\u012emon\u0117s pavadinimas: <span class=\"wpforms-required-label\" aria-hidden=\"true\">*<\/span><\/label><input type=\"text\" id=\"wpforms-1647-field_2\" class=\"wpforms-field-medium wpforms-field-required\" name=\"wpforms[fields][2]\" aria-errormessage=\"wpforms-1647-field_2-error\" required><\/div><div id=\"wpforms-1647-field_3-container\" class=\"wpforms-field wpforms-field-text\" data-field-id=\"3\"><label class=\"wpforms-field-label\" for=\"wpforms-1647-field_3\">\u0160alis <span class=\"wpforms-required-label\" aria-hidden=\"true\">*<\/span><\/label><input type=\"text\" id=\"wpforms-1647-field_3\" class=\"wpforms-field-medium wpforms-field-required\" name=\"wpforms[fields][3]\" aria-errormessage=\"wpforms-1647-field_3-error\" required><\/div><div id=\"wpforms-1647-field_4-container\" class=\"wpforms-field wpforms-field-url\" data-field-id=\"4\"><label class=\"wpforms-field-label\" for=\"wpforms-1647-field_4\">Internetin\u0117 svetain\u0117<\/label><input type=\"url\" id=\"wpforms-1647-field_4\" class=\"wpforms-field-medium\" name=\"wpforms[fields][4]\" aria-errormessage=\"wpforms-1647-field_4-error\" ><\/div>\t\t<div id=\"wpforms-1647-field_15-container\"\n\t\t\tclass=\"wpforms-field wpforms-field-text\"\n\t\t\tdata-field-type=\"text\"\n\t\t\tdata-field-id=\"15\"\n\t\t\t>\n\t\t\t<label class=\"wpforms-field-label\" for=\"wpforms-1647-field_15\" >panaudojimas: Trumpas (\u20ac)<\/label>\n\t\t\t<input type=\"text\" id=\"wpforms-1647-field_15\" class=\"wpforms-field-medium\" name=\"wpforms[fields][15]\" >\n\t\t<\/div>\n\t\t<div id=\"wpforms-1647-field_5-container\" class=\"wpforms-field wpforms-field-divider\" data-field-id=\"5\"><h3 id=\"wpforms-1647-field_5\" aria-errormessage=\"wpforms-1647-field_5-error\">Kontaktinis asmuo<\/h3><\/div><div id=\"wpforms-1647-field_6-container\" class=\"wpforms-field wpforms-field-name\" data-field-id=\"6\"><label class=\"wpforms-field-label\" for=\"wpforms-1647-field_6\">Vardas <span class=\"wpforms-required-label\" aria-hidden=\"true\">*<\/span><\/label><input type=\"text\" id=\"wpforms-1647-field_6\" class=\"wpforms-field-medium wpforms-field-required\" name=\"wpforms[fields][6]\" aria-errormessage=\"wpforms-1647-field_6-error\" required><\/div><div id=\"wpforms-1647-field_7-container\" class=\"wpforms-field wpforms-field-text\" data-field-id=\"7\"><label class=\"wpforms-field-label\" for=\"wpforms-1647-field_7\">Pareigos <span class=\"wpforms-required-label\" aria-hidden=\"true\">*<\/span><\/label><input type=\"text\" id=\"wpforms-1647-field_7\" class=\"wpforms-field-medium wpforms-field-required\" name=\"wpforms[fields][7]\" aria-errormessage=\"wpforms-1647-field_7-error\" required><\/div><div id=\"wpforms-1647-field_8-container\" class=\"wpforms-field wpforms-field-email\" data-field-id=\"8\"><label class=\"wpforms-field-label\" for=\"wpforms-1647-field_8\">El. pa\u0161tas <span class=\"wpforms-required-label\" aria-hidden=\"true\">*<\/span><\/label><input type=\"email\" id=\"wpforms-1647-field_8\" class=\"wpforms-field-medium wpforms-field-required\" name=\"wpforms[fields][8]\" spellcheck=\"false\" aria-errormessage=\"wpforms-1647-field_8-error\" required><\/div><div id=\"wpforms-1647-field_9-container\" class=\"wpforms-field wpforms-field-phone\" data-field-id=\"9\"><label class=\"wpforms-field-label\" for=\"wpforms-1647-field_9\">Tel. nr.<\/label><input type=\"tel\" id=\"wpforms-1647-field_9\" class=\"wpforms-field-medium wpforms-smart-phone-field\" data-rule-smart-phone-field=\"true\" name=\"wpforms[fields][9]\" aria-label=\"Tel. nr.\" aria-errormessage=\"wpforms-1647-field_9-error\" ><\/div><div id=\"wpforms-1647-field_10-container\" class=\"wpforms-field wpforms-field-divider\" data-field-id=\"10\"><h3 id=\"wpforms-1647-field_10\" aria-errormessage=\"wpforms-1647-field_10-error\">Verslo ap\u017evalga<\/h3><\/div><div id=\"wpforms-1647-field_11-container\" class=\"wpforms-field wpforms-field-text\" data-field-id=\"11\"><label class=\"wpforms-field-label\" for=\"wpforms-1647-field_11\">Kada buvo \u012fkurtas <span class=\"wpforms-required-label\" aria-hidden=\"true\">*<\/span><\/label><input type=\"text\" id=\"wpforms-1647-field_11\" class=\"wpforms-field-small wpforms-field-required\" name=\"wpforms[fields][11]\" aria-errormessage=\"wpforms-1647-field_11-error\" required><\/div><div id=\"wpforms-1647-field_12-container\" class=\"wpforms-field wpforms-field-text\" data-field-id=\"12\"><label class=\"wpforms-field-label\" for=\"wpforms-1647-field_12\">Sektorius <span class=\"wpforms-required-label\" aria-hidden=\"true\">*<\/span><\/label><input type=\"text\" id=\"wpforms-1647-field_12\" class=\"wpforms-field-small wpforms-field-required\" name=\"wpforms[fields][12]\" aria-errormessage=\"wpforms-1647-field_12-error\" required><\/div><div id=\"wpforms-1647-field_13-container\" class=\"wpforms-field wpforms-field-text\" data-field-id=\"13\"><label class=\"wpforms-field-label\" for=\"wpforms-1647-field_13\">Darbuotoj\u0173 skai\u010dius <span class=\"wpforms-required-label\" aria-hidden=\"true\">*<\/span><\/label><input type=\"text\" id=\"wpforms-1647-field_13\" class=\"wpforms-field-small wpforms-field-required\" name=\"wpforms[fields][13]\" aria-errormessage=\"wpforms-1647-field_13-error\" required><\/div><div id=\"wpforms-1647-field_14-container\" class=\"wpforms-field wpforms-field-number\" data-field-id=\"14\"><label class=\"wpforms-field-label\" for=\"wpforms-1647-field_14\">Dabartin\u0117s metin\u0117s pajamos (\u20ac) <span class=\"wpforms-required-label\" aria-hidden=\"true\">*<\/span><\/label><input type=\"number\" id=\"wpforms-1647-field_14\" class=\"wpforms-field-small wpforms-field-required\" name=\"wpforms[fields][14]\" step=\"any\" aria-errormessage=\"wpforms-1647-field_14-error\" required><\/div><div id=\"wpforms-1647-field_16-container\" class=\"wpforms-field wpforms-field-textarea\" data-field-id=\"16\"><label class=\"wpforms-field-label\" for=\"wpforms-1647-field_16\">Trumpas verslo apra\u0161ymas: <span class=\"wpforms-required-label\" aria-hidden=\"true\">*<\/span><\/label><textarea id=\"wpforms-1647-field_16\" class=\"wpforms-field-medium wpforms-field-required\" name=\"wpforms[fields][16]\" aria-errormessage=\"wpforms-1647-field_16-error\" required><\/textarea><\/div><div id=\"wpforms-1647-field_17-container\" class=\"wpforms-field wpforms-field-divider\" data-field-id=\"17\"><h3 id=\"wpforms-1647-field_17\" aria-errormessage=\"wpforms-1647-field_17-error\">Investicijos parai\u0161ka<\/h3><\/div><div id=\"wpforms-1647-field_18-container\" class=\"wpforms-field wpforms-field-number\" data-field-id=\"18\"><label class=\"wpforms-field-label\" for=\"wpforms-1647-field_18\">Investicijos dydis (\u20ac) <span class=\"wpforms-required-label\" aria-hidden=\"true\">*<\/span><\/label><input type=\"number\" id=\"wpforms-1647-field_18\" class=\"wpforms-field-small wpforms-field-required\" name=\"wpforms[fields][18]\" step=\"any\" aria-errormessage=\"wpforms-1647-field_18-error\" required><\/div><div id=\"wpforms-1647-field_19-container\" class=\"wpforms-field wpforms-field-textarea\" data-field-id=\"19\"><label class=\"wpforms-field-label\" for=\"wpforms-1647-field_19\">L\u0117\u0161\u0173 panaudojimas: (Trumpai apra\u0161ykite, kam reikalinga investicija) <span class=\"wpforms-required-label\" aria-hidden=\"true\">*<\/span><\/label><textarea id=\"wpforms-1647-field_19\" class=\"wpforms-field-medium wpforms-field-required\" name=\"wpforms[fields][19]\" aria-errormessage=\"wpforms-1647-field_19-error\" required><\/textarea><\/div><script>\n\t\t\t\t( function() {\n\t\t\t\t\tconst style = document.createElement( 'style' );\n\t\t\t\t\tstyle.appendChild( document.createTextNode( '#wpforms-1647-field_15-container { position: absolute !important; overflow: hidden !important; display: inline !important; height: 1px !important; width: 1px !important; z-index: -1000 !important; padding: 0 !important; } #wpforms-1647-field_15-container input { visibility: hidden; } #wpforms-conversational-form-page #wpforms-1647-field_15-container label { counter-increment: none; }' ) );\n\t\t\t\t\tdocument.head.appendChild( style );\n\t\t\t\t\tdocument.currentScript?.remove();\n\t\t\t\t} )();\n\t\t\t<\/script><\/div><!-- .wpforms-field-container --><div class=\"wpforms-submit-container\" ><input type=\"hidden\" name=\"wpforms[id]\" value=\"1647\"><input type=\"hidden\" name=\"page_title\" value=\"\"><input type=\"hidden\" name=\"page_url\" value=\"https:\/\/unlim.lt\/en\/wp-json\/wp\/v2\/pages\/44\"><input type=\"hidden\" name=\"url_referer\" value=\"\"><button type=\"submit\" name=\"wpforms[submit]\" id=\"wpforms-submit-1647\" class=\"wpforms-submit\" data-alt-text=\"Siun\u010diama...\" data-submit-text=\"Si\u0173sti\" aria-live=\"assertive\" value=\"wpforms-submit\">Si\u0173sti<\/button><img decoding=\"async\" src=\"https:\/\/unlim.lt\/wp-content\/plugins\/wpforms\/assets\/images\/submit-spin.svg\" class=\"wpforms-submit-spinner\" style=\"display: none;\" width=\"26\" height=\"26\" alt=\"Loading\"><\/div><input type=\"hidden\" id=\"ct_checkjs_wpforms_c51ce410c124a10e0db5e4b97fc2af39\" name=\"ct_checkjs_wpforms\" value=\"0\" \/><script>setTimeout(function(){var ct_input_name = \"ct_checkjs_wpforms_c51ce410c124a10e0db5e4b97fc2af39\";if (document.getElementById(ct_input_name) !== null) {var ct_input_value = document.getElementById(ct_input_name).value;document.getElementById(ct_input_name).value = document.getElementById(ct_input_name).value.replace(ct_input_value, 'c9abfec5875fb711f22f8f9c2b7ea1a9245b19fb1bb366331b9d9b15a1c7b7a5');}}, 1000);<\/script><input\n                    class=\"apbct_special_field apbct_email_id__wp_wpforms\"\n                    name=\"apbct__email_id__wp_wpforms\"\n                    aria-label=\"apbct__label_id__wp_wpforms\"\n                    type=\"text\" size=\"30\" maxlength=\"200\" autocomplete=\"off\"\n                    value=\"\"\n                \/><input\n                    class=\"apbct_special_field apbct_email_id__elementor_form\"\n                    name=\"apbct__email_id__elementor_form\"\n                    aria-label=\"apbct__label_id__elementor_form\"\n                    type=\"text\" size=\"30\" maxlength=\"200\" autocomplete=\"off\"\n                    value=\"\"\n                \/><\/form><\/div>  <!-- .wpforms-container -->\t\t\t\t<\/div>\n\t\t\t\t<\/div>\n\t\t\t\t<\/div>\n\t\t\t\t<\/div>\n\t\t\t\t\t<\/div>\n\t\t\t\t<\/div>\n\t\t<div class=\"elementor-element elementor-element-124d8da e-flex e-con-boxed e-con e-parent\" data-id=\"124d8da\" data-element_type=\"container\" data-e-type=\"container\">\n\t\t\t\t\t<div class=\"e-con-inner\">\n\t\t\t\t\t<\/div>\n\t\t\t\t<\/div>\n\t\t\t\t<\/div>\n\t\t","protected":false},"excerpt":{"rendered":"<p>Kreiptis d\u0117l investicijos Ie\u0161kote partnerio investicijoms, kuris u\u017etikrint\u0173 ilgalaik\u012f finansavim\u0105 ir pad\u0117t\u0173 augti? Tuomet mes \u2013 jums tinkamas pasirinkimas.&nbsp; Unlim \u2013 parai\u0161ka investicijai gauti Please enable JavaScript in your browser to complete this form.Please enable JavaScript in your browser to complete this form. \u012emon\u0117s informacija \u012emon\u0117s pavadinimas: *\u0160alis *Internetin\u0117 svetain\u0117 Kontaktinis asmuo VardasPareigosEl. pa\u0161tasTel. nr. [&hellip;]<\/p>\n","protected":false},"author":1,"featured_media":0,"parent":0,"menu_order":0,"comment_status":"closed","ping_status":"closed","template":"","meta":{"inline_featured_image":false,"footnotes":""},"class_list":["post-44","page","type-page","status-publish","hentry"],"_links":{"self":[{"href":"https:\/\/unlim.lt\/en\/wp-json\/wp\/v2\/pages\/44","targetHints":{"allow":["GET"]}}],"collection":[{"href":"https:\/\/unlim.lt\/en\/wp-json\/wp\/v2\/pages"}],"about":[{"href":"https:\/\/unlim.lt\/en\/wp-json\/wp\/v2\/types\/page"}],"author":[{"embeddable":true,"href":"https:\/\/unlim.lt\/en\/wp-json\/wp\/v2\/users\/1"}],"replies":[{"embeddable":true,"href":"https:\/\/unlim.lt\/en\/wp-json\/wp\/v2\/comments?post=44"}],"version-history":[{"count":83,"href":"https:\/\/unlim.lt\/en\/wp-json\/wp\/v2\/pages\/44\/revisions"}],"predecessor-version":[{"id":1916,"href":"https:\/\/unlim.lt\/en\/wp-json\/wp\/v2\/pages\/44\/revisions\/1916"}],"wp:attachment":[{"href":"https:\/\/unlim.lt\/en\/wp-json\/wp\/v2\/media?parent=44"}],"curies":[{"name":"wp","href":"https:\/\/api.w.org\/{rel}","templated":true}]}}